{"id":25,"date":"2016-02-12T08:13:22","date_gmt":"2016-02-12T08:13:22","guid":{"rendered":"http:\/\/demos.famethemes.com\/onepress-plus\/?page_id=25"},"modified":"2023-01-09T21:05:01","modified_gmt":"2023-01-09T21:05:01","slug":"service-title-3","status":"publish","type":"page","link":"https:\/\/etna-transport.com\/de\/service-title-3\/","title":{"rendered":"Wir sind auf spezifische Anforderungen spezialisiert"},"content":{"rendered":"<p>Gutes kann immer noch besser werden. Deshalb bem\u00fchen wir uns besonders um Ihre besonderen, spezifischen W\u00fcnsche. Dazu geh\u00f6ren Eiltransporte und Kurierdienste oder der Transport von \u00fcberlangen, schweren und temperaturgef\u00fchrten G\u00fctern. Auch nachts sind wir in ganz Europa f\u00fcr Sie unterwegs. Und nicht nur das: Wir sorgen auch daf\u00fcr, dass empfindliche Produkte oder Messger\u00e4te sicher und p\u00fcnktlich ankommen - und nat\u00fcrlich stellen wir sicher, dass niemand Ihre Lieferung w\u00e4hrend des gesamten Prozesses verf\u00e4lschen kann.<\/p>","protected":false},"excerpt":{"rendered":"<p>Morbi in sem quis dui placerat ornare. Pellentesque odio nisi euismod in pharetra a ultricies.<\/p>","protected":false},"author":2,"featured_media":0,"parent":0,"menu_order":0,"comment_status":"closed","ping_status":"closed","template":"","meta":{"footnotes":""},"class_list":["post-25","page","type-page","status-publish","hentry"],"_links":{"self":[{"href":"https:\/\/etna-transport.com\/de\/wp-json\/wp\/v2\/pages\/25","targetHints":{"allow":["GET"]}}],"collection":[{"href":"https:\/\/etna-transport.com\/de\/wp-json\/wp\/v2\/pages"}],"about":[{"href":"https:\/\/etna-transport.com\/de\/wp-json\/wp\/v2\/types\/page"}],"author":[{"embeddable":true,"href":"https:\/\/etna-transport.com\/de\/wp-json\/wp\/v2\/users\/2"}],"replies":[{"embeddable":true,"href":"https:\/\/etna-transport.com\/de\/wp-json\/wp\/v2\/comments?post=25"}],"version-history":[{"count":2,"href":"https:\/\/etna-transport.com\/de\/wp-json\/wp\/v2\/pages\/25\/revisions"}],"predecessor-version":[{"id":1469,"href":"https:\/\/etna-transport.com\/de\/wp-json\/wp\/v2\/pages\/25\/revisions\/1469"}],"wp:attachment":[{"href":"https:\/\/etna-transport.com\/de\/wp-json\/wp\/v2\/media?parent=25"}],"curies":[{"name":"wp","href":"https:\/\/api.w.org\/{rel}","templated":true}]}}