{"id":25,"date":"2016-02-12T08:13:22","date_gmt":"2016-02-12T08:13:22","guid":{"rendered":"http:\/\/demos.famethemes.com\/onepress-plus\/?page_id=25"},"modified":"2023-01-09T21:05:01","modified_gmt":"2023-01-09T21:05:01","slug":"service-title-3","status":"publish","type":"page","link":"https:\/\/etna-transport.com\/it\/service-title-3\/","title":{"rendered":"Siamo specializzati in requisiti specifici"},"content":{"rendered":"<p>Il buono pu\u00f2 sempre essere migliore. Ecco perch\u00e9 facciamo uno sforzo in pi\u00f9 per le vostre richieste speciali e specifiche. Questo include il trasporto espresso e i servizi di corriere o il trasporto di qualsiasi lunghezza eccessiva, carichi pesanti e merci che richiedono il controllo della temperatura. Anche di notte, siamo al vostro fianco in tutta Europa. E non \u00e8 tutto: ci assicuriamo anche che i prodotti sensibili o gli strumenti di misura arrivino in modo sicuro e puntuale, e naturalmente ci assicuriamo che nessuno possa manomettere la vostra consegna durante tutto il processo.<\/p>","protected":false},"excerpt":{"rendered":"<p>Morbi in sem quis dui placerat ornare. Pellentesque odio nisi euismod in pharetra a ultricies.<\/p>","protected":false},"author":2,"featured_media":0,"parent":0,"menu_order":0,"comment_status":"closed","ping_status":"closed","template":"","meta":{"footnotes":""},"class_list":["post-25","page","type-page","status-publish","hentry"],"_links":{"self":[{"href":"https:\/\/etna-transport.com\/it\/wp-json\/wp\/v2\/pages\/25","targetHints":{"allow":["GET"]}}],"collection":[{"href":"https:\/\/etna-transport.com\/it\/wp-json\/wp\/v2\/pages"}],"about":[{"href":"https:\/\/etna-transport.com\/it\/wp-json\/wp\/v2\/types\/page"}],"author":[{"embeddable":true,"href":"https:\/\/etna-transport.com\/it\/wp-json\/wp\/v2\/users\/2"}],"replies":[{"embeddable":true,"href":"https:\/\/etna-transport.com\/it\/wp-json\/wp\/v2\/comments?post=25"}],"version-history":[{"count":2,"href":"https:\/\/etna-transport.com\/it\/wp-json\/wp\/v2\/pages\/25\/revisions"}],"predecessor-version":[{"id":1469,"href":"https:\/\/etna-transport.com\/it\/wp-json\/wp\/v2\/pages\/25\/revisions\/1469"}],"wp:attachment":[{"href":"https:\/\/etna-transport.com\/it\/wp-json\/wp\/v2\/media?parent=25"}],"curies":[{"name":"wp","href":"https:\/\/api.w.org\/{rel}","templated":true}]}}