{"id":21,"date":"2016-02-12T08:10:47","date_gmt":"2016-02-12T08:10:47","guid":{"rendered":"http:\/\/demos.famethemes.com\/onepress-plus\/?page_id=21"},"modified":"2023-01-10T21:02:24","modified_gmt":"2023-01-10T21:02:24","slug":"our-achievements","status":"publish","type":"page","link":"https:\/\/etna-transport.com\/sl\/our-achievements\/","title":{"rendered":"Na\u0161i dose\u017eki"},"content":{"rendered":"<p>Na\u0161i najve\u010dji dose\u017eki so zadovoljstvo strank z dolgoletnim prevozom in delom na evropskem in svetovnem trgu.<\/p>","protected":false},"excerpt":{"rendered":"<p>Nullam ut tempor eros. Donec faucibus, velit et imperdiet aliquam, lacus velit luctus urna, vitae porttitor orci libero id felis.<\/p>","protected":false},"author":2,"featured_media":19,"parent":0,"menu_order":0,"comment_status":"closed","ping_status":"closed","template":"","meta":{"footnotes":""},"class_list":["post-21","page","type-page","status-publish","has-post-thumbnail","hentry"],"_links":{"self":[{"href":"https:\/\/etna-transport.com\/sl\/wp-json\/wp\/v2\/pages\/21","targetHints":{"allow":["GET"]}}],"collection":[{"href":"https:\/\/etna-transport.com\/sl\/wp-json\/wp\/v2\/pages"}],"about":[{"href":"https:\/\/etna-transport.com\/sl\/wp-json\/wp\/v2\/types\/page"}],"author":[{"embeddable":true,"href":"https:\/\/etna-transport.com\/sl\/wp-json\/wp\/v2\/users\/2"}],"replies":[{"embeddable":true,"href":"https:\/\/etna-transport.com\/sl\/wp-json\/wp\/v2\/comments?post=21"}],"version-history":[{"count":2,"href":"https:\/\/etna-transport.com\/sl\/wp-json\/wp\/v2\/pages\/21\/revisions"}],"predecessor-version":[{"id":1510,"href":"https:\/\/etna-transport.com\/sl\/wp-json\/wp\/v2\/pages\/21\/revisions\/1510"}],"wp:featuredmedia":[{"embeddable":true,"href":"https:\/\/etna-transport.com\/sl\/wp-json\/wp\/v2\/media\/19"}],"wp:attachment":[{"href":"https:\/\/etna-transport.com\/sl\/wp-json\/wp\/v2\/media?parent=21"}],"curies":[{"name":"wp","href":"https:\/\/api.w.org\/{rel}","templated":true}]}}