{"id":25,"date":"2016-02-12T08:13:22","date_gmt":"2016-02-12T08:13:22","guid":{"rendered":"http:\/\/demos.famethemes.com\/onepress-plus\/?page_id=25"},"modified":"2023-01-09T21:05:01","modified_gmt":"2023-01-09T21:05:01","slug":"service-title-3","status":"publish","type":"page","link":"https:\/\/etna-transport.com\/sl\/service-title-3\/","title":{"rendered":"Specializirani smo za posebne zahteve"},"content":{"rendered":"<p>Dobro je lahko vedno bolj\u0161e. Zato se \u0161e posebej potrudimo za va\u0161e posebne, specifi\u010dne zahteve. To vklju\u010duje hitre prevoze in kurirske storitve ali prevoze kakr\u0161ne koli prevelike dol\u017eine, te\u017ekega tovora in blaga, ki zahteva nadzor temperature. Tudi pono\u010di smo vam na poti po Evropi na voljo. In to \u0161e ni vse, poskrbimo tudi, da ob\u010dutljivi izdelki ali merilna oprema prispejo varno in pravo\u010dasno pripravljeni - in seveda poskrbimo, da med celotnim postopkom nih\u010de ne more posegati v va\u0161o po\u0161iljko.<\/p>","protected":false},"excerpt":{"rendered":"<p>Morbi in sem quis dui placerat ornare. Pellentesque odio nisi euismod in pharetra a ultricies.<\/p>","protected":false},"author":2,"featured_media":0,"parent":0,"menu_order":0,"comment_status":"closed","ping_status":"closed","template":"","meta":{"footnotes":""},"class_list":["post-25","page","type-page","status-publish","hentry"],"_links":{"self":[{"href":"https:\/\/etna-transport.com\/sl\/wp-json\/wp\/v2\/pages\/25","targetHints":{"allow":["GET"]}}],"collection":[{"href":"https:\/\/etna-transport.com\/sl\/wp-json\/wp\/v2\/pages"}],"about":[{"href":"https:\/\/etna-transport.com\/sl\/wp-json\/wp\/v2\/types\/page"}],"author":[{"embeddable":true,"href":"https:\/\/etna-transport.com\/sl\/wp-json\/wp\/v2\/users\/2"}],"replies":[{"embeddable":true,"href":"https:\/\/etna-transport.com\/sl\/wp-json\/wp\/v2\/comments?post=25"}],"version-history":[{"count":2,"href":"https:\/\/etna-transport.com\/sl\/wp-json\/wp\/v2\/pages\/25\/revisions"}],"predecessor-version":[{"id":1469,"href":"https:\/\/etna-transport.com\/sl\/wp-json\/wp\/v2\/pages\/25\/revisions\/1469"}],"wp:attachment":[{"href":"https:\/\/etna-transport.com\/sl\/wp-json\/wp\/v2\/media?parent=25"}],"curies":[{"name":"wp","href":"https:\/\/api.w.org\/{rel}","templated":true}]}}